{"id":4679,"date":"2026-03-17T18:03:34","date_gmt":"2026-03-17T17:03:34","guid":{"rendered":"https:\/\/localizapy.com\/v1\/?page_id=4679"},"modified":"2026-03-17T18:54:29","modified_gmt":"2026-03-17T17:54:29","slug":"politica-de-calidad","status":"publish","type":"page","link":"https:\/\/localizapy.com\/v1\/politica-de-calidad\/","title":{"rendered":"Pol\u00edtica de Calidad"},"content":{"rendered":"<p><strong>Nuestra Pol\u00edtica de Calidad<\/strong><\/p>\n<p>Somos una empresa l\u00edder en soluciones de rastreo satelital y monitoreo log\u00edstico, ofreciendo la tecnolog\u00eda m\u00e1s avanzada del mercado para optimizar la seguridad y la eficiencia operativa de nuestros clientes.<\/p>\n<p>Nuestro compromiso con la innovaci\u00f3n y la seguridad permite que nuestros clientes conf\u00eden en nosotros para resguardar veh\u00edculos, flotas y activos claves, consolid\u00e1ndonos como un aliado estrat\u00e9gico de su negocio.<\/p>\n<p>Contamos con un equipo de monitoreo 24\/7, brindando asistencia inmediata y manteniendo una comunicaci\u00f3n directa, transparente y cercana con cada cliente.<\/p>\n<p>Nos comprometemos al cumplimiento de los requisitos legales aplicables, y a mejorar continuamente nuestros procesos\u00a0apoyados en los requisitos de la Norma ISO 9001.<\/p>\n","protected":false},"excerpt":{"rendered":"<p>Nuestra Pol\u00edtica de Calidad Somos una empresa l\u00edder en soluciones de rastreo satelital y monitoreo log\u00edstico, ofreciendo la tecnolog\u00eda m\u00e1s avanzada del mercado para optimizar la seguridad y la eficiencia operativa de nuestros clientes. Nuestro compromiso con la innovaci\u00f3n y la seguridad permite que nuestros clientes conf\u00eden en nosotros para resguardar veh\u00edculos, flotas y activos [&hellip;]<\/p>\n","protected":false},"author":1,"featured_media":0,"parent":0,"menu_order":0,"comment_status":"closed","ping_status":"closed","template":"","meta":{"footnotes":""},"_links":{"self":[{"href":"https:\/\/localizapy.com\/v1\/wp-json\/wp\/v2\/pages\/4679"}],"collection":[{"href":"https:\/\/localizapy.com\/v1\/wp-json\/wp\/v2\/pages"}],"about":[{"href":"https:\/\/localizapy.com\/v1\/wp-json\/wp\/v2\/types\/page"}],"author":[{"embeddable":true,"href":"https:\/\/localizapy.com\/v1\/wp-json\/wp\/v2\/users\/1"}],"replies":[{"embeddable":true,"href":"https:\/\/localizapy.com\/v1\/wp-json\/wp\/v2\/comments?post=4679"}],"version-history":[{"count":2,"href":"https:\/\/localizapy.com\/v1\/wp-json\/wp\/v2\/pages\/4679\/revisions"}],"predecessor-version":[{"id":4694,"href":"https:\/\/localizapy.com\/v1\/wp-json\/wp\/v2\/pages\/4679\/revisions\/4694"}],"wp:attachment":[{"href":"https:\/\/localizapy.com\/v1\/wp-json\/wp\/v2\/media?parent=4679"}],"curies":[{"name":"wp","href":"https:\/\/api.w.org\/{rel}","templated":true}]}}